{"id":439,"date":"2025-11-22T14:43:52","date_gmt":"2025-11-22T14:43:52","guid":{"rendered":"https:\/\/quqfnmh.cluster121.hosting.ovh.net\/?page_id=439"},"modified":"2025-11-22T14:53:49","modified_gmt":"2025-11-22T14:53:49","slug":"contact","status":"publish","type":"page","link":"https:\/\/maugesunecrepe.fr\/?page_id=439","title":{"rendered":""},"content":{"rendered":"\n<h1 class=\"wp-block-heading\">CONTACT<\/h1>\n\n\n\n<p>\ud83d\udce7 fred@maugesunecrepe.fr<\/p>\n\n\n\n<p><strong>\u260e <\/strong>07.81.57.72.47<\/p>\n\n\n<div class=\"forminator-ui forminator-custom-form forminator-custom-form-443 forminator-design--default  forminator_ajax\" data-forminator-render=\"0\" data-form=\"forminator-module-443\" data-uid=\"69d51b1ca4c0d\"><br\/><\/div><form\n\t\t\t\tid=\"forminator-module-443\"\n\t\t\t\tclass=\"forminator-ui forminator-custom-form forminator-custom-form-443 forminator-design--default  forminator_ajax\"\n\t\t\t\tmethod=\"post\"\n\t\t\t\tdata-forminator-render=\"0\"\n\t\t\t\tdata-form-id=\"443\"\n\t\t\t\t data-color-option=\"theme\" data-design=\"default\" data-grid=\"open\" style=\"display: none;\"\n\t\t\t\tdata-uid=\"69d51b1ca4c0d\"\n\t\t\t><div role=\"alert\" aria-live=\"polite\" class=\"forminator-response-message forminator-error\" aria-hidden=\"true\"><\/div><div class=\"forminator-row\"><div id=\"name-1\" class=\"forminator-field-name forminator-col forminator-col-12 \"><div class=\"forminator-field\"><label for=\"forminator-field-name-1_69d51b1ca4c0d\" id=\"forminator-field-name-1_69d51b1ca4c0d-label\" class=\"forminator-label\">Pr\u00e9nom <span class=\"forminator-required\">*<\/span><\/label><input type=\"text\" name=\"name-1\" value=\"\" placeholder=\"\" id=\"forminator-field-name-1_69d51b1ca4c0d\" class=\"forminator-input forminator-name--field\" aria-required=\"true\" autocomplete=\"name\" \/><\/div><\/div><\/div><div class=\"forminator-row\"><div id=\"email-1\" class=\"forminator-field-email forminator-col forminator-col-12 \"><div class=\"forminator-field\"><label for=\"forminator-field-email-1_69d51b1ca4c0d\" id=\"forminator-field-email-1_69d51b1ca4c0d-label\" class=\"forminator-label\">Adresse de messagerie <span class=\"forminator-required\">*<\/span><\/label><input type=\"email\" name=\"email-1\" value=\"\" placeholder=\"\" id=\"forminator-field-email-1_69d51b1ca4c0d\" class=\"forminator-input forminator-email--field\" data-required=\"true\" aria-required=\"true\" autocomplete=\"email\" \/><\/div><\/div><\/div><div class=\"forminator-row\"><div id=\"phone-1\" class=\"forminator-field-phone forminator-col forminator-col-12 \"><div class=\"forminator-field\"><label for=\"forminator-field-phone-1_69d51b1ca4c0d\" id=\"forminator-field-phone-1_69d51b1ca4c0d-label\" class=\"forminator-label\">Num\u00e9ro de t\u00e9l\u00e9phone <span class=\"forminator-required\">*<\/span><\/label><input type=\"text\" name=\"phone-1\" value=\"\" placeholder=\"\" id=\"forminator-field-phone-1_69d51b1ca4c0d\" class=\"forminator-input forminator-field--phone\" data-required=\"1\" aria-required=\"true\" autocomplete=\"off\" \/><\/div><\/div><\/div><div class=\"forminator-row\"><div id=\"textarea-1\" class=\"forminator-field-textarea forminator-col forminator-col-12 \"><div class=\"forminator-field\"><label for=\"forminator-field-textarea-1_69d51b1ca4c0d\" id=\"forminator-field-textarea-1_69d51b1ca4c0d-label\" class=\"forminator-label\">Message <span class=\"forminator-required\">*<\/span><\/label><span id=\"forminator-field-textarea-1_69d51b1ca4c0d-description\" class=\"forminator-description\"><span data-limit=\"180\" data-type=\"characters\" data-editor=\"\">0 \/ 180<\/span><\/span><textarea name=\"textarea-1\" placeholder=\"\" id=\"forminator-field-textarea-1_69d51b1ca4c0d\" class=\"forminator-textarea\" rows=\"6\" style=\"min-height:140px;\" maxlength=\"180\" ><\/textarea><\/div><\/div><\/div><input type=\"hidden\" name=\"referer_url\" value=\"\" \/><div class=\"forminator-row forminator-row-last\"><div class=\"forminator-col\"><div class=\"forminator-field\"><button class=\"forminator-button forminator-button-submit\">Envoyer<\/button><\/div><\/div><\/div><input type=\"hidden\" id=\"forminator_nonce\" name=\"forminator_nonce\" value=\"e06f0130da\" \/><input type=\"hidden\" name=\"_wp_http_referer\" value=\"\/index.php?rest_route=%2Fwp%2Fv2%2Fpages%2F439\" \/><input type=\"hidden\" name=\"form_id\" value=\"443\"><input type=\"hidden\" name=\"page_id\" value=\"439\"><input type=\"hidden\" name=\"form_type\" value=\"default\"><input type=\"hidden\" name=\"current_url\" value=\"https:\/\/maugesunecrepe.fr\/?page_id=439\"><input type=\"hidden\" name=\"render_id\" value=\"0\"><input type=\"hidden\" name=\"action\" value=\"forminator_submit_form_custom-forms\"><\/form>\n\n\n\n<p><\/p>\n","protected":false},"excerpt":{"rendered":"<p>CONTACT \ud83d\udce7 fred@maugesunecrepe.fr \u260e 07.81.57.72.47<\/p>\n","protected":false},"author":3,"featured_media":0,"parent":0,"menu_order":0,"comment_status":"closed","ping_status":"closed","template":"","meta":{"footnotes":""},"class_list":["post-439","page","type-page","status-publish","hentry"],"_links":{"self":[{"href":"https:\/\/maugesunecrepe.fr\/index.php?rest_route=\/wp\/v2\/pages\/439","targetHints":{"allow":["GET"]}}],"collection":[{"href":"https:\/\/maugesunecrepe.fr\/index.php?rest_route=\/wp\/v2\/pages"}],"about":[{"href":"https:\/\/maugesunecrepe.fr\/index.php?rest_route=\/wp\/v2\/types\/page"}],"author":[{"embeddable":true,"href":"https:\/\/maugesunecrepe.fr\/index.php?rest_route=\/wp\/v2\/users\/3"}],"replies":[{"embeddable":true,"href":"https:\/\/maugesunecrepe.fr\/index.php?rest_route=%2Fwp%2Fv2%2Fcomments&post=439"}],"version-history":[{"count":4,"href":"https:\/\/maugesunecrepe.fr\/index.php?rest_route=\/wp\/v2\/pages\/439\/revisions"}],"predecessor-version":[{"id":445,"href":"https:\/\/maugesunecrepe.fr\/index.php?rest_route=\/wp\/v2\/pages\/439\/revisions\/445"}],"wp:attachment":[{"href":"https:\/\/maugesunecrepe.fr\/index.php?rest_route=%2Fwp%2Fv2%2Fmedia&parent=439"}],"curies":[{"name":"wp","href":"https:\/\/api.w.org\/{rel}","templated":true}]}}